{"id":2433,"date":"2019-02-26T17:51:50","date_gmt":"2019-02-26T08:51:50","guid":{"rendered":"http:\/\/twla-test.jp\/?page_id=2433"},"modified":"2019-07-10T17:08:49","modified_gmt":"2019-07-10T08:08:49","slug":"curriculum","status":"publish","type":"page","link":"https:\/\/twla.jp\/vi\/curriculum\/","title":{"rendered":"Ch\u01b0\u01a1ng tr\u00ecnh \u0111\u00e0o t\u1ea1o"},"content":{"rendered":"","protected":false},"excerpt":{"rendered":"","protected":false},"author":1,"featured_media":0,"parent":0,"menu_order":155,"comment_status":"closed","ping_status":"closed","template":"page-index.php","meta":{"_acf_changed":false,"footnotes":""},"categories":[],"class_list":["post-2433","page","type-page","status-publish","hentry","vi"],"acf":[],"aioseo_notices":[],"_links":{"self":[{"href":"https:\/\/twla.jp\/wp-json\/wp\/v2\/pages\/2433","targetHints":{"allow":["GET"]}}],"collection":[{"href":"https:\/\/twla.jp\/wp-json\/wp\/v2\/pages"}],"about":[{"href":"https:\/\/twla.jp\/wp-json\/wp\/v2\/types\/page"}],"author":[{"embeddable":true,"href":"https:\/\/twla.jp\/wp-json\/wp\/v2\/users\/1"}],"replies":[{"embeddable":true,"href":"https:\/\/twla.jp\/wp-json\/wp\/v2\/comments?post=2433"}],"version-history":[{"count":2,"href":"https:\/\/twla.jp\/wp-json\/wp\/v2\/pages\/2433\/revisions"}],"predecessor-version":[{"id":4002,"href":"https:\/\/twla.jp\/wp-json\/wp\/v2\/pages\/2433\/revisions\/4002"}],"wp:attachment":[{"href":"https:\/\/twla.jp\/wp-json\/wp\/v2\/media?parent=2433"}],"wp:term":[{"taxonomy":"category","embeddable":true,"href":"https:\/\/twla.jp\/wp-json\/wp\/v2\/categories?post=2433"}],"curies":[{"name":"wp","href":"https:\/\/api.w.org\/{rel}","templated":true}]}}