{"id":2926,"date":"2019-03-06T13:13:32","date_gmt":"2019-03-06T04:13:32","guid":{"rendered":"http:\/\/twla-test.jp\/?page_id=2926"},"modified":"2025-08-20T17:52:22","modified_gmt":"2025-08-20T08:52:22","slug":"dormitory","status":"publish","type":"page","link":"https:\/\/twla.jp\/vi\/life\/dormitory\/","title":{"rendered":"K\u00ed t\u00fac x\u00e1"},"content":{"rendered":"","protected":false},"excerpt":{"rendered":"","protected":false},"author":1,"featured_media":0,"parent":2441,"menu_order":201,"comment_status":"closed","ping_status":"closed","template":"","meta":{"_acf_changed":false,"footnotes":""},"categories":[],"class_list":["post-2926","page","type-page","status-publish","hentry","vi"],"acf":[],"aioseo_notices":[],"_links":{"self":[{"href":"https:\/\/twla.jp\/wp-json\/wp\/v2\/pages\/2926","targetHints":{"allow":["GET"]}}],"collection":[{"href":"https:\/\/twla.jp\/wp-json\/wp\/v2\/pages"}],"about":[{"href":"https:\/\/twla.jp\/wp-json\/wp\/v2\/types\/page"}],"author":[{"embeddable":true,"href":"https:\/\/twla.jp\/wp-json\/wp\/v2\/users\/1"}],"replies":[{"embeddable":true,"href":"https:\/\/twla.jp\/wp-json\/wp\/v2\/comments?post=2926"}],"version-history":[{"count":15,"href":"https:\/\/twla.jp\/wp-json\/wp\/v2\/pages\/2926\/revisions"}],"predecessor-version":[{"id":6267,"href":"https:\/\/twla.jp\/wp-json\/wp\/v2\/pages\/2926\/revisions\/6267"}],"up":[{"embeddable":true,"href":"https:\/\/twla.jp\/wp-json\/wp\/v2\/pages\/2441"}],"wp:attachment":[{"href":"https:\/\/twla.jp\/wp-json\/wp\/v2\/media?parent=2926"}],"wp:term":[{"taxonomy":"category","embeddable":true,"href":"https:\/\/twla.jp\/wp-json\/wp\/v2\/categories?post=2926"}],"curies":[{"name":"wp","href":"https:\/\/api.w.org\/{rel}","templated":true}]}}